{"id":1628,"date":"2020-08-15T04:21:03","date_gmt":"2020-08-15T04:21:03","guid":{"rendered":"https:\/\/lucianopizarro.com\/?page_id=1628"},"modified":"2020-09-29T02:35:35","modified_gmt":"2020-09-29T02:35:35","slug":"terminos-y-condiciones","status":"publish","type":"page","link":"https:\/\/talentum.us\/pt\/terminos-y-condiciones\/","title":{"rendered":"Termos\u00a0e\u00a0Condi\u00e7\u00f5es"},"content":{"rendered":"<div data-elementor-type=\"wp-post\" data-elementor-id=\"1628\" class=\"elementor elementor-1628\" data-elementor-settings=\"[]\">\n\t\t\t\t\t\t<div class=\"elementor-inner\">\n\t\t\t\t\t\t\t<div class=\"elementor-section-wrap\">\n\t\t\t\t\t\t\t<section data-particle_enable=\"false\" data-particle-mobile-disabled=\"false\" class=\"elementor-section elementor-top-section elementor-element elementor-element-83a1990 elementor-section-height-min-height elementor-section-boxed elementor-section-height-default elementor-section-items-middle\" data-id=\"83a1990\" data-element_type=\"section\" data-settings=\"{&quot;background_background&quot;:&quot;classic&quot;,&quot;_ha_eqh_enable&quot;:false}\">\n\t\t\t\t\t\t<div class=\"elementor-container elementor-column-gap-default\">\n\t\t\t\t\t\t\t<div class=\"elementor-row\">\n\t\t\t\t\t<div class=\"elementor-column elementor-col-100 elementor-top-column elementor-element elementor-element-853fea8\" data-id=\"853fea8\" data-element_type=\"column\">\n\t\t\t<div class=\"elementor-column-wrap elementor-element-populated\">\n\t\t\t\t\t\t\t<div class=\"elementor-widget-wrap\">\n\t\t\t\t\t\t<div class=\"elementor-element elementor-element-6ad1f1d elementor-widget elementor-widget-heading\" data-id=\"6ad1f1d\" data-element_type=\"widget\" data-widget_type=\"heading.default\">\n\t\t\t\t<div class=\"elementor-widget-container\">\n\t\t\t<h2 class=\"elementor-heading-title elementor-size-default\">T\u00e9rminos y condiciones<\/h2>\t\t<\/div>\n\t\t\t\t<\/div>\n\t\t\t\t\t\t<\/div>\n\t\t\t\t\t<\/div>\n\t\t<\/div>\n\t\t\t\t\t\t\t\t<\/div>\n\t\t\t\t\t<\/div>\n\t\t<\/section>\n\t\t\t\t<section data-particle_enable=\"false\" data-particle-mobile-disabled=\"false\" class=\"elementor-section elementor-top-section elementor-element elementor-element-9fd11ad elementor-section-boxed elementor-section-height-default elementor-section-height-default\" data-id=\"9fd11ad\" data-element_type=\"section\" data-settings=\"{&quot;_ha_eqh_enable&quot;:false}\">\n\t\t\t\t\t\t<div class=\"elementor-container elementor-column-gap-default\">\n\t\t\t\t\t\t\t<div class=\"elementor-row\">\n\t\t\t\t\t<div class=\"elementor-column elementor-col-100 elementor-top-column elementor-element elementor-element-209363f\" data-id=\"209363f\" data-element_type=\"column\">\n\t\t\t<div class=\"elementor-column-wrap elementor-element-populated\">\n\t\t\t\t\t\t\t<div class=\"elementor-widget-wrap\">\n\t\t\t\t\t\t<div class=\"elementor-element elementor-element-09777d6 elementor-widget elementor-widget-heading\" data-id=\"09777d6\" data-element_type=\"widget\" data-widget_type=\"heading.default\">\n\t\t\t\t<div class=\"elementor-widget-container\">\n\t\t\t<h2 class=\"elementor-heading-title elementor-size-default\">T\u00e9rminos y condiciones\n<\/h2>\t\t<\/div>\n\t\t\t\t<\/div>\n\t\t\t\t<div class=\"elementor-element elementor-element-102d165 elementor-widget elementor-widget-text-editor\" data-id=\"102d165\" data-element_type=\"widget\" data-widget_type=\"text-editor.default\">\n\t\t\t\t<div class=\"elementor-widget-container\">\n\t\t\t\t\t\t\t\t<div class=\"elementor-text-editor elementor-clearfix\">\n\t\t\t\t<p>Al acceder o utilizar la informaci\u00f3n en Talentum, en adelante el Sitio Web, usted acepta estos T\u00e9rminos y Condiciones de Uso y Privacidad. Si usted no acepta, no podr\u00e1 continuar usando\u00a0 este sitio web.<\/p>\t\t\t\t\t<\/div>\n\t\t\t\t\t\t<\/div>\n\t\t\t\t<\/div>\n\t\t\t\t\t\t<\/div>\n\t\t\t\t\t<\/div>\n\t\t<\/div>\n\t\t\t\t\t\t\t\t<\/div>\n\t\t\t\t\t<\/div>\n\t\t<\/section>\n\t\t\t\t<section data-particle_enable=\"false\" data-particle-mobile-disabled=\"false\" class=\"elementor-section elementor-top-section elementor-element elementor-element-d823a4d elementor-section-boxed elementor-section-height-default elementor-section-height-default\" data-id=\"d823a4d\" data-element_type=\"section\" data-settings=\"{&quot;_ha_eqh_enable&quot;:false}\">\n\t\t\t\t\t\t<div class=\"elementor-container elementor-column-gap-default\">\n\t\t\t\t\t\t\t<div class=\"elementor-row\">\n\t\t\t\t\t<div class=\"elementor-column elementor-col-100 elementor-top-column elementor-element elementor-element-697334e\" data-id=\"697334e\" data-element_type=\"column\">\n\t\t\t<div class=\"elementor-column-wrap elementor-element-populated\">\n\t\t\t\t\t\t\t<div class=\"elementor-widget-wrap\">\n\t\t\t\t\t\t<div class=\"elementor-element elementor-element-61ffa3a elementor-widget elementor-widget-heading\" data-id=\"61ffa3a\" data-element_type=\"widget\" data-widget_type=\"heading.default\">\n\t\t\t\t<div class=\"elementor-widget-container\">\n\t\t\t<h2 class=\"elementor-heading-title elementor-size-default\">Precisi\u00f3n, integridad y actualidad de la Informaci\u00f3n en este Sitio Web\n<\/h2>\t\t<\/div>\n\t\t\t\t<\/div>\n\t\t\t\t<div class=\"elementor-element elementor-element-721a8cf elementor-widget elementor-widget-text-editor\" data-id=\"721a8cf\" data-element_type=\"widget\" data-widget_type=\"text-editor.default\">\n\t\t\t\t<div class=\"elementor-widget-container\">\n\t\t\t\t\t\t\t\t<div class=\"elementor-text-editor elementor-clearfix\">\n\t\t\t\t<div class=\"elementor-element elementor-element-c33d2d3 elementor-widget elementor-widget-text-editor\" data-id=\"c33d2d3\" data-element_type=\"widget\" data-widget_type=\"text-editor.default\"><div class=\"elementor-widget-container\"><div class=\"elementor-text-editor elementor-clearfix\"><div class=\"elementor-element elementor-element-c33d2d3 elementor-widget elementor-widget-text-editor\" data-id=\"c33d2d3\" data-element_type=\"widget\" data-widget_type=\"text-editor.default\"><div class=\"elementor-widget-container\"><div class=\"elementor-text-editor elementor-clearfix\"><p>No somos responsables si las informaciones que estuvieran disponibles en este sitio web no fueran precisas, completas o actualizadas. El material en este Sitio Web es provisto solamente para informaci\u00f3n general y no debe ser tomado como base o usado como la \u00fanica base para tomar decisiones sin antes consultar fuentes de informaci\u00f3n primaria m\u00e1s precisas, completas y\/o actualizadas. Cualquier confianza depositada en el material de este Sitio Web ser\u00e1 a su propio riesgo. Este Sitio Web puede contener cierta informaci\u00f3n hist\u00f3rica. Las informaciones hist\u00f3ricas no son necesariamente actualizadas y son provistas \u00fanicamente para su referencia. Hacemos reserva del derecho de modificar el contenido de este Sitio Web en cualquier ocasi\u00f3n sin previo aviso. Ud. acuerda que es su responsabilidad monitorear alteraciones o modificaciones en este Sitio Web.<\/p><\/div><\/div><\/div><\/div><\/div><\/div>\t\t\t\t\t<\/div>\n\t\t\t\t\t\t<\/div>\n\t\t\t\t<\/div>\n\t\t\t\t\t\t<\/div>\n\t\t\t\t\t<\/div>\n\t\t<\/div>\n\t\t\t\t\t\t\t\t<\/div>\n\t\t\t\t\t<\/div>\n\t\t<\/section>\n\t\t\t\t<section data-particle_enable=\"false\" data-particle-mobile-disabled=\"false\" class=\"elementor-section elementor-top-section elementor-element elementor-element-87697c5 elementor-section-boxed elementor-section-height-default elementor-section-height-default\" data-id=\"87697c5\" data-element_type=\"section\" data-settings=\"{&quot;_ha_eqh_enable&quot;:false}\">\n\t\t\t\t\t\t<div class=\"elementor-container elementor-column-gap-default\">\n\t\t\t\t\t\t\t<div class=\"elementor-row\">\n\t\t\t\t\t<div class=\"elementor-column elementor-col-100 elementor-top-column elementor-element elementor-element-5e8dbfc\" data-id=\"5e8dbfc\" data-element_type=\"column\">\n\t\t\t<div class=\"elementor-column-wrap elementor-element-populated\">\n\t\t\t\t\t\t\t<div class=\"elementor-widget-wrap\">\n\t\t\t\t\t\t<div class=\"elementor-element elementor-element-709ba95 elementor-widget elementor-widget-heading\" data-id=\"709ba95\" data-element_type=\"widget\" data-widget_type=\"heading.default\">\n\t\t\t\t<div class=\"elementor-widget-container\">\n\t\t\t<h2 class=\"elementor-heading-title elementor-size-default\">Links<\/h2>\t\t<\/div>\n\t\t\t\t<\/div>\n\t\t\t\t<div class=\"elementor-element elementor-element-77589eb elementor-widget elementor-widget-text-editor\" data-id=\"77589eb\" data-element_type=\"widget\" data-widget_type=\"text-editor.default\">\n\t\t\t\t<div class=\"elementor-widget-container\">\n\t\t\t\t\t\t\t\t<div class=\"elementor-text-editor elementor-clearfix\">\n\t\t\t\t<div class=\"elementor-element elementor-element-c33d2d3 elementor-widget elementor-widget-text-editor\" data-id=\"c33d2d3\" data-element_type=\"widget\" data-widget_type=\"text-editor.default\"><div class=\"elementor-widget-container\"><div class=\"elementor-text-editor elementor-clearfix\"><div class=\"elementor-element elementor-element-52fb3f9 elementor-widget elementor-widget-text-editor\" data-id=\"52fb3f9\" data-element_type=\"widget\" data-widget_type=\"text-editor.default\"><div class=\"elementor-widget-container\"><div class=\"elementor-text-editor elementor-clearfix\"><p>Este Sitio Web puede incluir links a otros sitios web de terceros. Estos links son provistas para su comodidad y como una avenida de acceso adicional para las informaciones contenidas en los mismos. No hemos revisado toda la informaci\u00f3n contenida en otros sitios y no somos responsables por el contenido de otros sitios web ni por los productos o servicios que pudieran ser ofrecidos a trav\u00e9s de otros sitios. Los sitios web linkeados pueden contener informaci\u00f3n cuyo uso se encuentra bajo diferentes t\u00e9rminos y condiciones, que ser\u00e1 responsabilidad de usted aceptar o no para el uso de dichos sitios web conectados. Por favor tenga en consideraci\u00f3n que los t\u00e9rminos y condiciones de uso de otros sitios web son sustancialmente diferentes de estos t\u00e9rminos y condiciones.<\/p><\/div><\/div><\/div><\/div><\/div><\/div>\t\t\t\t\t<\/div>\n\t\t\t\t\t\t<\/div>\n\t\t\t\t<\/div>\n\t\t\t\t\t\t<\/div>\n\t\t\t\t\t<\/div>\n\t\t<\/div>\n\t\t\t\t\t\t\t\t<\/div>\n\t\t\t\t\t<\/div>\n\t\t<\/section>\n\t\t\t\t<section data-particle_enable=\"false\" data-particle-mobile-disabled=\"false\" class=\"elementor-section elementor-top-section elementor-element elementor-element-b4b2245 elementor-section-boxed elementor-section-height-default elementor-section-height-default\" data-id=\"b4b2245\" data-element_type=\"section\" data-settings=\"{&quot;_ha_eqh_enable&quot;:false}\">\n\t\t\t\t\t\t<div class=\"elementor-container elementor-column-gap-default\">\n\t\t\t\t\t\t\t<div class=\"elementor-row\">\n\t\t\t\t\t<div class=\"elementor-column elementor-col-100 elementor-top-column elementor-element elementor-element-248e1ef\" data-id=\"248e1ef\" data-element_type=\"column\">\n\t\t\t<div class=\"elementor-column-wrap elementor-element-populated\">\n\t\t\t\t\t\t\t<div class=\"elementor-widget-wrap\">\n\t\t\t\t\t\t<div class=\"elementor-element elementor-element-e56e7ce elementor-widget elementor-widget-heading\" data-id=\"e56e7ce\" data-element_type=\"widget\" data-widget_type=\"heading.default\">\n\t\t\t\t<div class=\"elementor-widget-container\">\n\t\t\t<h2 class=\"elementor-heading-title elementor-size-default\">Privacidad<\/h2>\t\t<\/div>\n\t\t\t\t<\/div>\n\t\t\t\t<div class=\"elementor-element elementor-element-bd595af elementor-widget elementor-widget-text-editor\" data-id=\"bd595af\" data-element_type=\"widget\" data-widget_type=\"text-editor.default\">\n\t\t\t\t<div class=\"elementor-widget-container\">\n\t\t\t\t\t\t\t\t<div class=\"elementor-text-editor elementor-clearfix\">\n\t\t\t\t<div class=\"elementor-element elementor-element-c33d2d3 elementor-widget elementor-widget-text-editor\" data-id=\"c33d2d3\" data-element_type=\"widget\" data-widget_type=\"text-editor.default\"><div class=\"elementor-widget-container\"><div class=\"elementor-text-editor elementor-clearfix\"><div class=\"elementor-element elementor-element-8823c46 elementor-widget elementor-widget-text-editor\" data-id=\"8823c46\" data-element_type=\"widget\" data-widget_type=\"text-editor.default\"><div class=\"elementor-widget-container\"><div class=\"elementor-text-editor elementor-clearfix\"><div class=\"elementor-element elementor-element-8823c46 elementor-widget elementor-widget-text-editor\" data-id=\"8823c46\" data-element_type=\"widget\" data-widget_type=\"text-editor.default\"><div class=\"elementor-widget-container\"><div class=\"elementor-text-editor elementor-clearfix\"><p>Los datos personales que el Sitio Web\u00a0puede recolectar cuando se env\u00eda un comentario o se suscribe al Newsletter\u00a0son\u00a0el nombre,\u00a0direcci\u00f3n de correo electr\u00f3nico\u00a0y direcci\u00f3n de sitio web. Los titulares de este\u00a0Sitio Web no recabar\u00e1n ning\u00fan otro dato personal sobre su persona a menos que Ud. voluntariamente lo provea .\u00a0En consecuencia, quien provee los datos reconoce que proporciona sus datos en forma absolutamente voluntaria y que los mismos son ciertos. Adicionalmente el sistema guarda la direcci\u00f3n IP desde donde el usuario ingresa sus datos al dejar un comentario. Los datos no se venden ni se comparten con terceros.<\/p><\/div><\/div><\/div><div class=\"elementor-element elementor-element-9463c13 elementor-widget elementor-widget-heading\" data-id=\"9463c13\" data-element_type=\"widget\" data-widget_type=\"heading.default\"><div class=\"elementor-widget-container\">\u00a0<\/div><\/div><\/div><\/div><\/div><\/div><\/div><\/div>\t\t\t\t\t<\/div>\n\t\t\t\t\t\t<\/div>\n\t\t\t\t<\/div>\n\t\t\t\t\t\t<\/div>\n\t\t\t\t\t<\/div>\n\t\t<\/div>\n\t\t\t\t\t\t\t\t<\/div>\n\t\t\t\t\t<\/div>\n\t\t<\/section>\n\t\t\t\t<section data-particle_enable=\"false\" data-particle-mobile-disabled=\"false\" class=\"elementor-section elementor-top-section elementor-element elementor-element-09d4591 elementor-section-boxed elementor-section-height-default elementor-section-height-default\" data-id=\"09d4591\" data-element_type=\"section\" data-settings=\"{&quot;_ha_eqh_enable&quot;:false}\">\n\t\t\t\t\t\t<div class=\"elementor-container elementor-column-gap-default\">\n\t\t\t\t\t\t\t<div class=\"elementor-row\">\n\t\t\t\t\t<div class=\"elementor-column elementor-col-100 elementor-top-column elementor-element elementor-element-91e4394\" data-id=\"91e4394\" data-element_type=\"column\">\n\t\t\t<div class=\"elementor-column-wrap elementor-element-populated\">\n\t\t\t\t\t\t\t<div class=\"elementor-widget-wrap\">\n\t\t\t\t\t\t<div class=\"elementor-element elementor-element-65a34bf elementor-widget elementor-widget-heading\" data-id=\"65a34bf\" data-element_type=\"widget\" data-widget_type=\"heading.default\">\n\t\t\t\t<div class=\"elementor-widget-container\">\n\t\t\t<h2 class=\"elementor-heading-title elementor-size-default\">Pol\u00edtica de cookies<\/h2>\t\t<\/div>\n\t\t\t\t<\/div>\n\t\t\t\t<div class=\"elementor-element elementor-element-c9cca07 elementor-widget elementor-widget-text-editor\" data-id=\"c9cca07\" data-element_type=\"widget\" data-widget_type=\"text-editor.default\">\n\t\t\t\t<div class=\"elementor-widget-container\">\n\t\t\t\t\t\t\t\t<div class=\"elementor-text-editor elementor-clearfix\">\n\t\t\t\t<div class=\"elementor-element elementor-element-c33d2d3 elementor-widget elementor-widget-text-editor\" data-id=\"c33d2d3\" data-element_type=\"widget\" data-widget_type=\"text-editor.default\">\n<div class=\"elementor-widget-container\">\n<div class=\"elementor-text-editor elementor-clearfix\">\n<section class=\"has_eae_slider elementor-element elementor-element-0a22517 elementor-section-boxed elementor-section-height-default elementor-section-height-default elementor-section elementor-top-section\" data-particle_enable=\"false\" data-id=\"0a22517\" data-element_type=\"section\">\n<div class=\"elementor-container elementor-column-gap-default\">\n<div class=\"elementor-row\">\n<div class=\"has_eae_slider elementor-element elementor-element-d5fc07c elementor-column elementor-col-100 elementor-top-column\" data-id=\"d5fc07c\" data-element_type=\"column\">\n<div class=\"elementor-column-wrap elementor-element-populated\">\n<div class=\"elementor-widget-wrap\">\n<div class=\"elementor-element elementor-element-122fed1 elementor-widget elementor-widget-text-editor\" data-id=\"122fed1\" data-element_type=\"widget\" data-widget_type=\"text-editor.default\">\n<div class=\"elementor-widget-container\">\n<div class=\"elementor-text-editor elementor-clearfix\">\n<p><span style=\"font-size: 15px;\">El Sitio Web utiliza cookies para hacer m\u00e1s funcional y \u00fatil la navegaci\u00f3n de los usuarios. El usuario que desee inhabilitar las cookies puede hacerlo desde las preferencias de su navegador de Internet.<\/span><br><\/p>\n<\/div>\n<\/div>\n<\/div>\n<\/div>\n<\/div>\n<\/div>\n<\/div>\n<\/div>\n<\/section>\n<\/div>\n<\/div>\n<\/div>\t\t\t\t\t<\/div>\n\t\t\t\t\t\t<\/div>\n\t\t\t\t<\/div>\n\t\t\t\t\t\t<\/div>\n\t\t\t\t\t<\/div>\n\t\t<\/div>\n\t\t\t\t\t\t\t\t<\/div>\n\t\t\t\t\t<\/div>\n\t\t<\/section>\n\t\t\t\t\t\t<\/div>\n\t\t\t\t\t\t<\/div>\n\t\t\t\t\t<\/div>","protected":false},"excerpt":{"rendered":"<p>T\u00e9rminos y condiciones T\u00e9rminos y condiciones Al acceder o utilizar la informaci\u00f3n en Talentum, en adelante el Sitio Web, usted acepta estos T\u00e9rminos y Condiciones de Uso y Privacidad. Si usted no acepta, no podr\u00e1 continuar usando\u00a0 este sitio web. Precisi\u00f3n, integridad y actualidad de la Informaci\u00f3n en este Sitio Web No somos responsables si &hellip;<\/p>\n<p class=\"read-more\"> <a class=\"\" href=\"https:\/\/talentum.us\/pt\/terminos-y-condiciones\/\"> <span class=\"screen-reader-text\">Termos\u00a0e\u00a0Condi\u00e7\u00f5es<\/span> Leia mais &raquo;<\/a><\/p>","protected":false},"author":1,"featured_media":0,"parent":0,"menu_order":0,"comment_status":"closed","ping_status":"closed","template":"","meta":{"footnotes":""},"yoast_head":"<!-- This site is optimized with the Yoast SEO plugin v18.9 - https:\/\/yoast.com\/wordpress\/plugins\/seo\/ -->\n<title>Terminos y condiciones - Talentum<\/title>\n<meta name=\"robots\" content=\"index, follow, max-snippet:-1, max-image-preview:large, max-video-preview:-1\" \/>\n<link rel=\"canonical\" href=\"https:\/\/talentum.us\/pt\/terminos-y-condiciones\/\" \/>\n<meta property=\"og:locale\" content=\"pt_BR\" \/>\n<meta property=\"og:type\" content=\"article\" \/>\n<meta property=\"og:title\" content=\"Terminos y condiciones - Talentum\" \/>\n<meta property=\"og:description\" content=\"T\u00e9rminos y condiciones T\u00e9rminos y condiciones Al acceder o utilizar la informaci\u00f3n en Talentum, en adelante el Sitio Web, usted acepta estos T\u00e9rminos y Condiciones de Uso y Privacidad. Si usted no acepta, no podr\u00e1 continuar usando\u00a0 este sitio web. Precisi\u00f3n, integridad y actualidad de la Informaci\u00f3n en este Sitio Web No somos responsables si &hellip; Terminos y condiciones Leia mais &raquo;\" \/>\n<meta property=\"og:url\" content=\"https:\/\/talentum.us\/pt\/terminos-y-condiciones\/\" \/>\n<meta property=\"og:site_name\" content=\"Talentum\" \/>\n<meta property=\"article:modified_time\" content=\"2020-09-29T02:35:35+00:00\" \/>\n<meta name=\"twitter:card\" content=\"summary_large_image\" \/>\n<meta name=\"twitter:label1\" content=\"Est. tempo de leitura\" \/>\n\t<meta name=\"twitter:data1\" content=\"2 minutos\" \/>\n<script type=\"application\/ld+json\" class=\"yoast-schema-graph\">{\"@context\":\"https:\/\/schema.org\",\"@graph\":[{\"@type\":\"WebSite\",\"@id\":\"https:\/\/talentum.us\/#website\",\"url\":\"https:\/\/talentum.us\/\",\"name\":\"Talentum\",\"description\":\"Encend\u00e9 tu potencial\",\"potentialAction\":[{\"@type\":\"SearchAction\",\"target\":{\"@type\":\"EntryPoint\",\"urlTemplate\":\"https:\/\/talentum.us\/?s={search_term_string}\"},\"query-input\":\"required name=search_term_string\"}],\"inLanguage\":\"pt-BR\"},{\"@type\":\"WebPage\",\"@id\":\"https:\/\/talentum.us\/terminos-y-condiciones\/#webpage\",\"url\":\"https:\/\/talentum.us\/terminos-y-condiciones\/\",\"name\":\"Terminos y condiciones - Talentum\",\"isPartOf\":{\"@id\":\"https:\/\/talentum.us\/#website\"},\"datePublished\":\"2020-08-15T04:21:03+00:00\",\"dateModified\":\"2020-09-29T02:35:35+00:00\",\"breadcrumb\":{\"@id\":\"https:\/\/talentum.us\/terminos-y-condiciones\/#breadcrumb\"},\"inLanguage\":\"pt-BR\",\"potentialAction\":[{\"@type\":\"ReadAction\",\"target\":[\"https:\/\/talentum.us\/terminos-y-condiciones\/\"]}]},{\"@type\":\"BreadcrumbList\",\"@id\":\"https:\/\/talentum.us\/terminos-y-condiciones\/#breadcrumb\",\"itemListElement\":[{\"@type\":\"ListItem\",\"position\":1,\"name\":\"Portada\",\"item\":\"https:\/\/talentum.us\/\"},{\"@type\":\"ListItem\",\"position\":2,\"name\":\"Terminos y condiciones\"}]}]}<\/script>\n<!-- \/ Yoast SEO plugin. -->","yoast_head_json":{"title":"Terminos y condiciones - Talentum","robots":{"index":"index","follow":"follow","max-snippet":"max-snippet:-1","max-image-preview":"max-image-preview:large","max-video-preview":"max-video-preview:-1"},"canonical":"https:\/\/talentum.us\/pt\/terminos-y-condiciones\/","og_locale":"pt_BR","og_type":"article","og_title":"Terminos y condiciones - Talentum","og_description":"T\u00e9rminos y condiciones T\u00e9rminos y condiciones Al acceder o utilizar la informaci\u00f3n en Talentum, en adelante el Sitio Web, usted acepta estos T\u00e9rminos y Condiciones de Uso y Privacidad. Si usted no acepta, no podr\u00e1 continuar usando\u00a0 este sitio web. Precisi\u00f3n, integridad y actualidad de la Informaci\u00f3n en este Sitio Web No somos responsables si &hellip; Terminos y condiciones Leia mais &raquo;","og_url":"https:\/\/talentum.us\/pt\/terminos-y-condiciones\/","og_site_name":"Talentum","article_modified_time":"2020-09-29T02:35:35+00:00","twitter_card":"summary_large_image","twitter_misc":{"Est. tempo de leitura":"2 minutos"},"schema":{"@context":"https:\/\/schema.org","@graph":[{"@type":"WebSite","@id":"https:\/\/talentum.us\/#website","url":"https:\/\/talentum.us\/","name":"Talentum","description":"Encend\u00e9 tu potencial","potentialAction":[{"@type":"SearchAction","target":{"@type":"EntryPoint","urlTemplate":"https:\/\/talentum.us\/?s={search_term_string}"},"query-input":"required name=search_term_string"}],"inLanguage":"pt-BR"},{"@type":"WebPage","@id":"https:\/\/talentum.us\/terminos-y-condiciones\/#webpage","url":"https:\/\/talentum.us\/terminos-y-condiciones\/","name":"Terminos y condiciones - Talentum","isPartOf":{"@id":"https:\/\/talentum.us\/#website"},"datePublished":"2020-08-15T04:21:03+00:00","dateModified":"2020-09-29T02:35:35+00:00","breadcrumb":{"@id":"https:\/\/talentum.us\/terminos-y-condiciones\/#breadcrumb"},"inLanguage":"pt-BR","potentialAction":[{"@type":"ReadAction","target":["https:\/\/talentum.us\/terminos-y-condiciones\/"]}]},{"@type":"BreadcrumbList","@id":"https:\/\/talentum.us\/terminos-y-condiciones\/#breadcrumb","itemListElement":[{"@type":"ListItem","position":1,"name":"Portada","item":"https:\/\/talentum.us\/"},{"@type":"ListItem","position":2,"name":"Terminos y condiciones"}]}]}},"_links":{"self":[{"href":"https:\/\/talentum.us\/pt\/wp-json\/wp\/v2\/pages\/1628"}],"collection":[{"href":"https:\/\/talentum.us\/pt\/wp-json\/wp\/v2\/pages"}],"about":[{"href":"https:\/\/talentum.us\/pt\/wp-json\/wp\/v2\/types\/page"}],"author":[{"embeddable":true,"href":"https:\/\/talentum.us\/pt\/wp-json\/wp\/v2\/users\/1"}],"replies":[{"embeddable":true,"href":"https:\/\/talentum.us\/pt\/wp-json\/wp\/v2\/comments?post=1628"}],"version-history":[{"count":5,"href":"https:\/\/talentum.us\/pt\/wp-json\/wp\/v2\/pages\/1628\/revisions"}],"predecessor-version":[{"id":1884,"href":"https:\/\/talentum.us\/pt\/wp-json\/wp\/v2\/pages\/1628\/revisions\/1884"}],"wp:attachment":[{"href":"https:\/\/talentum.us\/pt\/wp-json\/wp\/v2\/media?parent=1628"}],"curies":[{"name":"wp","href":"https:\/\/api.w.org\/{rel}","templated":true}]}}